{"id":1045,"date":"2025-03-17T10:16:50","date_gmt":"2025-03-17T09:16:50","guid":{"rendered":"https:\/\/trendline.ch\/impressum\/"},"modified":"2025-12-02T12:49:38","modified_gmt":"2025-12-02T11:49:38","slug":"site-notice","status":"publish","type":"page","link":"https:\/\/trendline.ch\/en\/site-notice\/","title":{"rendered":"Site notice"},"content":{"rendered":"\n<h2 class=\"wp-block-heading\">Site Notice<\/h2>\n\n\n\n<p>trendline AG interior design concepts<br>Zugerstrasse 195<br>6314 Neu\u00e4geri | Zug<\/p>\n\n\n\n<p>Commercial Register: CH-170.3.015.953-2<\/p>\n\n\n\n<p><strong>Represented by:<\/strong><br>Andr\u00e9 Roesch, Ir\u00e8ne Roesch<\/p>\n\n\n\n<h2 class=\"wp-block-heading\">Contact<\/h2>\n\n\n\n<p>Phone: 041 750 61 01<br>Telefax: 041 750 61 02<br>E-mail: contact@trendline.ch<\/p>\n\n\n\n<h2 class=\"wp-block-heading\">VAT ID<\/h2>\n\n\n\n<p>Sales tax identification number: CHE-106.662.105<\/p>\n\n\n\n<h2 class=\"wp-block-heading\">Dispute resolution proceedings in front of a consumer arbitration board<\/h2>\n\n\n\n<p>We are not willing or obliged to participate in dispute resolution proceedings in front of a consumer arbitration board.<\/p>\n\n\n\n<h2 class=\"wp-block-heading\">Webdesign &amp; Coding<\/h2>\n\n\n\n<p>SEO Revolution GmbH<br><a href=\"http:\/\/www.seo-revolution.com\" data-type=\"link\" data-id=\"www.seo-revolution.com\" target=\"_blank\" rel=\"noopener\">www.seo-revolution.com<\/a><\/p>\n","protected":false},"excerpt":{"rendered":"<p>Site Notice trendline AG interior design conceptsZugerstrasse 1956314 Neu\u00e4geri | Zug Commercial Register: CH-170.3.015.953-2 Represented by:Andr\u00e9 Roesch, Ir\u00e8ne Roesch Contact Phone: 041 750 61 01Telefax: 041 750 61 02E-mail: contact@trendline.ch VAT ID Sales tax identification number: CHE-106.662.105 Dispute resolution proceedings in front of a consumer arbitration board We are not willing or obliged to participate [&hellip;]<\/p>\n","protected":false},"author":1,"featured_media":0,"parent":0,"menu_order":0,"comment_status":"closed","ping_status":"closed","template":"","meta":{"_acf_changed":false,"_seopress_robots_primary_cat":"","_seopress_titles_title":"Legal Notice of Trendline AG Interior Design Concepts","_seopress_titles_desc":"Legal notice of Trendline AG: company details, contact information and legal references regarding our interior design services.","_seopress_robots_index":"","footnotes":""},"class_list":["post-1045","page","type-page","status-publish"],"acf":[],"_links":{"self":[{"href":"https:\/\/trendline.ch\/en\/wp-json\/wp\/v2\/pages\/1045","targetHints":{"allow":["GET"]}}],"collection":[{"href":"https:\/\/trendline.ch\/en\/wp-json\/wp\/v2\/pages"}],"about":[{"href":"https:\/\/trendline.ch\/en\/wp-json\/wp\/v2\/types\/page"}],"author":[{"embeddable":true,"href":"https:\/\/trendline.ch\/en\/wp-json\/wp\/v2\/users\/1"}],"replies":[{"embeddable":true,"href":"https:\/\/trendline.ch\/en\/wp-json\/wp\/v2\/comments?post=1045"}],"version-history":[{"count":0,"href":"https:\/\/trendline.ch\/en\/wp-json\/wp\/v2\/pages\/1045\/revisions"}],"wp:attachment":[{"href":"https:\/\/trendline.ch\/en\/wp-json\/wp\/v2\/media?parent=1045"}],"curies":[{"name":"wp","href":"https:\/\/api.w.org\/{rel}","templated":true}]}}